{"id":11568,"date":"2010-06-15T09:51:06","date_gmt":"2010-06-15T16:51:06","guid":{"rendered":"https:\/\/www.mamalatinatips.com\/es\/?page_id=11568"},"modified":"2018-09-03T15:17:12","modified_gmt":"2018-09-03T22:17:12","slug":"entradas-extras-en-sorteos","status":"publish","type":"page","link":"https:\/\/www.mamalatinatips.com\/es\/entradas-extras-en-sorteos","title":{"rendered":"Entradas Extras en Sorteos"},"content":{"rendered":"<p>Despu\u00e9s de tu entrada reglamentaria tienes la opci\u00f3n de ganar mas entradas, haciendo algo de lo siguiente, (por favor, <strong><em>deja tus comentarios en el art\u00edculo del sorteo, no al final de esta p\u00e1gina<\/em><\/strong>, gracias):<\/p>\n<ol>\n<li>Sigue mi blog en google friend connect (puedes hacerlo en donde ves las fotos) &#8211; 1 entrada<\/li>\n<li>Suscr\u00edbete a mi blog en <a href=\"https:\/\/feedburner.google.com\/fb\/a\/mailverify?uri=MamaLatina&loc=en_US%22%3ESubscribe%20to%20Mama%20Latina%20Tips%20by%20Email%3C\/a%3E\" target=\"_blank\" rel=\"noopener noreferrer nofollow\">email<\/a> (no olvides activar tu suscripci\u00f3n cuando llegue el mensaje a tu email) o en <a href=\"https:\/\/feeds.feedburner.com\/MamaLatina\" target=\"_blank\" rel=\"noopener noreferrer nofollow\">RSS<\/a>,- 1 entrada<\/li>\n<li>S\u00edgueme en Twitter, si ya me sigues, manda un tweet sobre el sorteo, incluyendo un link al post (puedes mandar un tweet diario, s\u00f3lo necesitas dejarme un comentario con el link cada vez que lo hagas) &#8211; 1 entrada por tweet<\/li>\n<li>&#8220;<a href=\"https:\/\/www.facebook.com\/pages\/Mama-Latina-Tips\/121504161217204\" target=\"_blank\" rel=\"noopener noreferrer nofollow\">Like&#8221; mi p\u00e1gina de Facebook<\/a> &#8211; 1 entrada<\/li>\n<li>Comparte el link the este sorteo en <strong><em>tu<\/em><\/strong> p\u00e1gina de Facebok (puedes hacerlo en la parte superior del art\u00edculo, donde dice share) &#8211; 1 entrada<\/li>\n<li>Ll\u00e9vate mi bot\u00f3n y ponlo en tu website o blog (puedes tomar el c\u00f3digo de la barra lateral) &#8211; 2 entradas (deja dos comentarios)<\/li>\n<\/ol>\n<p>Por favor regresa al sorteo y d\u00e9jame un comentario por cada opci\u00f3n que realices (1,2,3, 4, y\/o 5) para poder contar todas tus entradas. \u00a0Gracias!<\/p>\n","protected":false},"excerpt":{"rendered":"","protected":false},"author":1,"featured_media":0,"parent":0,"menu_order":0,"comment_status":"closed","ping_status":"closed","template":"","meta":{"_seopress_robots_primary_cat":"0","_seopress_titles_title":"","_seopress_titles_desc":"","_seopress_robots_index":"","_uag_custom_page_level_css":"","wprm-recipe-roundup-name":"","wprm-recipe-roundup-description":"","footnotes":""},"class_list":{"0":"post-11568","1":"page","2":"type-page","3":"status-publish","5":"infinite-scroll-item","6":"no-featured-image-padding"},"spectra_custom_meta":{"_edit_lock":["1470095231:7"],"_edit_last":["7"],"_wp_page_template":["default"],"_wpas_done_all":["1"],"_et_monarch_override":[""],"_yoast_wpseo_content_score":["30"],"_totes":["16"],"_wpml_media_featured":["1"],"_wpml_media_duplicate":["1"],"_wpml_word_count":["{\"total\":203,\"to_translate\":{\"en\":203}}"],"_facebook_shares":["2"],"_pinterest_shares":["0"],"_yummly_shares":["0"],"_whatsapp_shares":["0"],"_twitter_shares":["14"],"_email_shares":["0"],"_google_plus_shares":["0"],"_total_shares":["16"],"swp_pinterest_image_url":[""],"swp_open_graph_image_data":["false"],"swp_open_graph_image_url":[""],"swp_cache_timestamp":["430307"],"dpsp_networks_shares":["a:5:{s:8:\"facebook\";i:2;s:9:\"pinterest\";i:0;s:6:\"reddit\";i:0;s:7:\"twitter\";i:14;s:6:\"yummly\";i:0;}"],"dpsp_networks_shares_total":["16"],"dpsp_cache_shares_twitter_2":["14"],"dpsp_networks_shares_last_updated":["1776106439"],"_jetpack_related_posts_cache":["a:1:{s:32:\"bfc62710165ed7b51223b165689d40a3\";a:2:{s:7:\"expires\";i:1633305955;s:7:\"payload\";a:6:{i:0;a:1:{s:2:\"id\";i:501;}i:1;a:1:{s:2:\"id\";i:11565;}i:2;a:1:{s:2:\"id\";i:1886;}i:3;a:1:{s:2:\"id\";i:11555;}i:4;a:1:{s:2:\"id\";i:47274;}i:5;a:1:{s:2:\"id\";i:40764;}}}}"],"litespeed_vpi_list":["a:3:{i:0;s:33:\"Mama-Latina-Tips-Logo-3.1.gif.png\";i:1;s:6:\"us.png\";i:2;s:6:\"es.png\";}"],"dpsp_networks_shares_json":["{\"facebook\":2,\"pinterest\":0,\"reddit\":0,\"twitter\":14,\"yummly\":0}"],"_seopress_robots_primary_cat":["0"],"_uag_page_assets":["a:9:{s:3:\"css\";s:0:\"\";s:2:\"js\";s:0:\"\";s:18:\"current_block_list\";a:2:{i:0;s:10:\"core\/group\";i:1;s:9:\"core\/html\";}s:8:\"uag_flag\";b:0;s:11:\"uag_version\";s:10:\"1774945462\";s:6:\"gfonts\";a:0:{}s:10:\"gfonts_url\";s:0:\"\";s:12:\"gfonts_files\";a:0:{}s:14:\"uag_faq_layout\";b:0;}"]},"uagb_featured_image_src":{"full":false,"thumbnail":false,"medium":false,"medium_large":false,"large":false,"1536x1536":false,"2048x2048":false,"wprm-metadata-1_1":false,"wprm-metadata-4_3":false,"wprm-metadata-16_9":false,"web-stories-poster-portrait":false,"web-stories-publisher-logo":false,"web-stories-thumbnail":false},"uagb_author_info":{"display_name":"Silvia Martinez","author_link":"https:\/\/www.mamalatinatips.com\/es\/author\/admin"},"uagb_comment_info":0,"uagb_excerpt":null,"_links":{"self":[{"href":"https:\/\/www.mamalatinatips.com\/es\/wp-json\/wp\/v2\/pages\/11568","targetHints":{"allow":["GET"]}}],"collection":[{"href":"https:\/\/www.mamalatinatips.com\/es\/wp-json\/wp\/v2\/pages"}],"about":[{"href":"https:\/\/www.mamalatinatips.com\/es\/wp-json\/wp\/v2\/types\/page"}],"author":[{"embeddable":true,"href":"https:\/\/www.mamalatinatips.com\/es\/wp-json\/wp\/v2\/users\/1"}],"replies":[{"embeddable":true,"href":"https:\/\/www.mamalatinatips.com\/es\/wp-json\/wp\/v2\/comments?post=11568"}],"version-history":[{"count":0,"href":"https:\/\/www.mamalatinatips.com\/es\/wp-json\/wp\/v2\/pages\/11568\/revisions"}],"wp:attachment":[{"href":"https:\/\/www.mamalatinatips.com\/es\/wp-json\/wp\/v2\/media?parent=11568"}],"curies":[{"name":"wp","href":"https:\/\/api.w.org\/{rel}","templated":true}]}}